{"id":4461,"date":"2025-02-04T02:45:52","date_gmt":"2025-02-04T02:45:52","guid":{"rendered":"https:\/\/shop.ferreteriasilver.com\/?product=sikapermalastik-pro-co-bd-21kg"},"modified":"2025-03-31T02:30:38","modified_gmt":"2025-03-31T02:30:38","slug":"sikapermalastik-pro-co-bd-21kg","status":"publish","type":"product","link":"https:\/\/shop.ferreteriasilver.com\/?product=sikapermalastik-pro-co-bd-21kg","title":{"rendered":"Sika Permalastik Pro impermeabilizante asf\u00e1ltico para cimentaciones y jardineras 21KG"},"content":{"rendered":"<p>Impermeabilizante asf\u00e1ltico modificado con pol\u00edmeros, barrera de vapor, adhesivo, sellante y reparador el\u00e1stico; para cimentaciones y jardineras, muros de contenci\u00f3n, bajo enchape en zonas humedas y reparaci\u00f3n de detalles en mantos asf\u00e1lticos.<\/p>\n","protected":false},"excerpt":{"rendered":"<p>Impermeabilizante asf\u00e1ltico, barrera de vapor, adhesivo asf\u00e1ltico, sellante y reparador el\u00e1stico; para cimentaciones y jardineras, muros de contenci\u00f3n, bajo enchape en zonas humedas y reparaci\u00f3n de detalles en mantos asf\u00e1lticos.<\/p>\n","protected":false},"featured_media":4417,"comment_status":"closed","ping_status":"closed","template":"","meta":[],"product_brand":[299],"product_cat":[192],"product_tag":[194,196,193],"class_list":{"0":"post-4461","1":"product","2":"type-product","3":"status-publish","4":"has-post-thumbnail","6":"product_brand-sika","7":"product_cat-impermeabilizacion","8":"product_tag-asfaltico-para-techos-y-cimentaciones","9":"product_tag-cimentaciones-y-jardineras","10":"product_tag-impermeabilizante","12":"first","13":"outofstock","14":"taxable","15":"shipping-taxable","16":"purchasable","17":"product-type-simple"},"_links":{"self":[{"href":"https:\/\/shop.ferreteriasilver.com\/index.php?rest_route=\/wp\/v2\/product\/4461","targetHints":{"allow":["GET"]}}],"collection":[{"href":"https:\/\/shop.ferreteriasilver.com\/index.php?rest_route=\/wp\/v2\/product"}],"about":[{"href":"https:\/\/shop.ferreteriasilver.com\/index.php?rest_route=\/wp\/v2\/types\/product"}],"replies":[{"embeddable":true,"href":"https:\/\/shop.ferreteriasilver.com\/index.php?rest_route=%2Fwp%2Fv2%2Fcomments&post=4461"}],"wp:featuredmedia":[{"embeddable":true,"href":"https:\/\/shop.ferreteriasilver.com\/index.php?rest_route=\/wp\/v2\/media\/4417"}],"wp:attachment":[{"href":"https:\/\/shop.ferreteriasilver.com\/index.php?rest_route=%2Fwp%2Fv2%2Fmedia&parent=4461"}],"wp:term":[{"taxonomy":"product_brand","embeddable":true,"href":"https:\/\/shop.ferreteriasilver.com\/index.php?rest_route=%2Fwp%2Fv2%2Fproduct_brand&post=4461"},{"taxonomy":"product_cat","embeddable":true,"href":"https:\/\/shop.ferreteriasilver.com\/index.php?rest_route=%2Fwp%2Fv2%2Fproduct_cat&post=4461"},{"taxonomy":"product_tag","embeddable":true,"href":"https:\/\/shop.ferreteriasilver.com\/index.php?rest_route=%2Fwp%2Fv2%2Fproduct_tag&post=4461"}],"curies":[{"name":"wp","href":"https:\/\/api.w.org\/{rel}","templated":true}]}}