{"id":4478,"date":"2025-02-04T02:45:56","date_gmt":"2025-02-04T02:45:56","guid":{"rendered":"https:\/\/shop.ferreteriasilver.com\/?product=sikafill-7-power-co-rojo-tb-230kg"},"modified":"2025-03-31T02:30:42","modified_gmt":"2025-03-31T02:30:42","slug":"sikafill-7-power-co-rojo-tb-230kg","status":"publish","type":"product","link":"https:\/\/shop.ferreteriasilver.com\/?product=sikafill-7-power-co-rojo-tb-230kg","title":{"rendered":"SikaFill Power 7 A\u00f1os rojo impermeabilizante acr\u00edlico para cubiertas, techos y terrzas 230KG"},"content":{"rendered":"<p>Impermeabilizante acr\u00edlico para cubiertas y terrazas, con tecnolog\u00eda DFX y fibras. Durabilidad hasta 7 a\u00f1os. Cumple norma ASTM D-471.<\/p>\n","protected":false},"excerpt":{"rendered":"<p>Impermeabilizante acr\u00edlico mejorado con fibras para cubiertas, techos y terrazas.<\/p>\n","protected":false},"featured_media":4382,"comment_status":"closed","ping_status":"closed","template":"","meta":[],"product_brand":[299],"product_cat":[192],"product_tag":[199,193,200],"class_list":{"0":"post-4478","1":"product","2":"type-product","3":"status-publish","4":"has-post-thumbnail","6":"product_brand-sika","7":"product_cat-impermeabilizacion","8":"product_tag-acrilicos-para-techos-y-cubiertas","9":"product_tag-impermeabilizante","10":"product_tag-techos-y-cubiertas","12":"first","13":"outofstock","14":"taxable","15":"shipping-taxable","16":"purchasable","17":"product-type-simple"},"_links":{"self":[{"href":"https:\/\/shop.ferreteriasilver.com\/index.php?rest_route=\/wp\/v2\/product\/4478","targetHints":{"allow":["GET"]}}],"collection":[{"href":"https:\/\/shop.ferreteriasilver.com\/index.php?rest_route=\/wp\/v2\/product"}],"about":[{"href":"https:\/\/shop.ferreteriasilver.com\/index.php?rest_route=\/wp\/v2\/types\/product"}],"replies":[{"embeddable":true,"href":"https:\/\/shop.ferreteriasilver.com\/index.php?rest_route=%2Fwp%2Fv2%2Fcomments&post=4478"}],"wp:featuredmedia":[{"embeddable":true,"href":"https:\/\/shop.ferreteriasilver.com\/index.php?rest_route=\/wp\/v2\/media\/4382"}],"wp:attachment":[{"href":"https:\/\/shop.ferreteriasilver.com\/index.php?rest_route=%2Fwp%2Fv2%2Fmedia&parent=4478"}],"wp:term":[{"taxonomy":"product_brand","embeddable":true,"href":"https:\/\/shop.ferreteriasilver.com\/index.php?rest_route=%2Fwp%2Fv2%2Fproduct_brand&post=4478"},{"taxonomy":"product_cat","embeddable":true,"href":"https:\/\/shop.ferreteriasilver.com\/index.php?rest_route=%2Fwp%2Fv2%2Fproduct_cat&post=4478"},{"taxonomy":"product_tag","embeddable":true,"href":"https:\/\/shop.ferreteriasilver.com\/index.php?rest_route=%2Fwp%2Fv2%2Fproduct_tag&post=4478"}],"curies":[{"name":"wp","href":"https:\/\/api.w.org\/{rel}","templated":true}]}}