{"id":4488,"date":"2025-02-04T02:46:01","date_gmt":"2025-02-04T02:46:01","guid":{"rendered":"https:\/\/shop.ferreteriasilver.com\/?product=sikafill-100-super-co-gris-pl-22kg"},"modified":"2025-03-31T02:30:46","modified_gmt":"2025-03-31T02:30:46","slug":"sikafill-100-super-co-gris-pl-22kg","status":"publish","type":"product","link":"https:\/\/shop.ferreteriasilver.com\/?product=sikafill-100-super-co-gris-pl-22kg","title":{"rendered":"SikaFill 100 Super gris impermeabilizante acr\u00edlico para cubiertas, techos y terrazas 22KG"},"content":{"rendered":"<p>Recubrimiento el\u00e1stico a base de resinas acr\u00edlicas para la impermeabilizaci\u00f3n flexible de cubiertas, techos y terrazas, tanto en obra nueva como en superficies que ya han sido impermeabilizadas (mantenimiento).<\/p>\n","protected":false},"excerpt":{"rendered":"<p>Impermeabilizante acr\u00edlico 100% el\u00e1stico mejorado con fibras para cubiertas, techos y terrazas.<\/p>\n","protected":false},"featured_media":4904,"comment_status":"closed","ping_status":"closed","template":"","meta":[],"product_brand":[299],"product_cat":[192],"product_tag":[199,193,200],"class_list":{"0":"post-4488","1":"product","2":"type-product","3":"status-publish","4":"has-post-thumbnail","6":"product_brand-sika","7":"product_cat-impermeabilizacion","8":"product_tag-acrilicos-para-techos-y-cubiertas","9":"product_tag-impermeabilizante","10":"product_tag-techos-y-cubiertas","12":"first","13":"instock","14":"taxable","15":"shipping-taxable","16":"purchasable","17":"product-type-simple"},"_links":{"self":[{"href":"https:\/\/shop.ferreteriasilver.com\/index.php?rest_route=\/wp\/v2\/product\/4488","targetHints":{"allow":["GET"]}}],"collection":[{"href":"https:\/\/shop.ferreteriasilver.com\/index.php?rest_route=\/wp\/v2\/product"}],"about":[{"href":"https:\/\/shop.ferreteriasilver.com\/index.php?rest_route=\/wp\/v2\/types\/product"}],"replies":[{"embeddable":true,"href":"https:\/\/shop.ferreteriasilver.com\/index.php?rest_route=%2Fwp%2Fv2%2Fcomments&post=4488"}],"wp:featuredmedia":[{"embeddable":true,"href":"https:\/\/shop.ferreteriasilver.com\/index.php?rest_route=\/wp\/v2\/media\/4904"}],"wp:attachment":[{"href":"https:\/\/shop.ferreteriasilver.com\/index.php?rest_route=%2Fwp%2Fv2%2Fmedia&parent=4488"}],"wp:term":[{"taxonomy":"product_brand","embeddable":true,"href":"https:\/\/shop.ferreteriasilver.com\/index.php?rest_route=%2Fwp%2Fv2%2Fproduct_brand&post=4488"},{"taxonomy":"product_cat","embeddable":true,"href":"https:\/\/shop.ferreteriasilver.com\/index.php?rest_route=%2Fwp%2Fv2%2Fproduct_cat&post=4488"},{"taxonomy":"product_tag","embeddable":true,"href":"https:\/\/shop.ferreteriasilver.com\/index.php?rest_route=%2Fwp%2Fv2%2Fproduct_tag&post=4488"}],"curies":[{"name":"wp","href":"https:\/\/api.w.org\/{rel}","templated":true}]}}