{"id":4513,"date":"2025-02-04T02:46:07","date_gmt":"2025-02-04T02:46:07","guid":{"rendered":"https:\/\/shop.ferreteriasilver.com\/?product=sikaflex-118-extr-grab-bl-c47-12-ctr290"},"modified":"2025-03-31T02:30:51","modified_gmt":"2025-03-31T02:30:51","slug":"sikaflex-118-extr-grab-bl-c47-12-ctr290","status":"publish","type":"product","link":"https:\/\/shop.ferreteriasilver.com\/?product=sikaflex-118-extr-grab-bl-c47-12-ctr290","title":{"rendered":"Sikaflex 118 Extreme Grab adhesivo el\u00e1stico base poliuretano de r\u00e1pido agarre 290ML"},"content":{"rendered":"<p>Adhesivo el\u00e1stico con r\u00e1pido agarre inicial sin necesidad de fijaci\u00f3n temporal, de uso en interior y exterior.<\/p>\n","protected":false},"excerpt":{"rendered":"<p>Adhesivo el\u00e1stico de alto agarre para la construcci\u00f3n.<\/p>\n","protected":false},"featured_media":4391,"comment_status":"closed","ping_status":"closed","template":"","meta":[],"product_brand":[299],"product_cat":[203],"product_tag":[206,205,204],"class_list":{"0":"post-4513","1":"product","2":"type-product","3":"status-publish","4":"has-post-thumbnail","6":"product_brand-sika","7":"product_cat-adhesivos-y-sellantes","8":"product_tag-elementos-decorativos-pesados-interiores-y-exteriores","9":"product_tag-pegante-flexible-de-rapido-curado-base-poliuretano","10":"product_tag-poliuretano","12":"first","13":"outofstock","14":"taxable","15":"shipping-taxable","16":"purchasable","17":"product-type-simple"},"_links":{"self":[{"href":"https:\/\/shop.ferreteriasilver.com\/index.php?rest_route=\/wp\/v2\/product\/4513","targetHints":{"allow":["GET"]}}],"collection":[{"href":"https:\/\/shop.ferreteriasilver.com\/index.php?rest_route=\/wp\/v2\/product"}],"about":[{"href":"https:\/\/shop.ferreteriasilver.com\/index.php?rest_route=\/wp\/v2\/types\/product"}],"replies":[{"embeddable":true,"href":"https:\/\/shop.ferreteriasilver.com\/index.php?rest_route=%2Fwp%2Fv2%2Fcomments&post=4513"}],"wp:featuredmedia":[{"embeddable":true,"href":"https:\/\/shop.ferreteriasilver.com\/index.php?rest_route=\/wp\/v2\/media\/4391"}],"wp:attachment":[{"href":"https:\/\/shop.ferreteriasilver.com\/index.php?rest_route=%2Fwp%2Fv2%2Fmedia&parent=4513"}],"wp:term":[{"taxonomy":"product_brand","embeddable":true,"href":"https:\/\/shop.ferreteriasilver.com\/index.php?rest_route=%2Fwp%2Fv2%2Fproduct_brand&post=4513"},{"taxonomy":"product_cat","embeddable":true,"href":"https:\/\/shop.ferreteriasilver.com\/index.php?rest_route=%2Fwp%2Fv2%2Fproduct_cat&post=4513"},{"taxonomy":"product_tag","embeddable":true,"href":"https:\/\/shop.ferreteriasilver.com\/index.php?rest_route=%2Fwp%2Fv2%2Fproduct_tag&post=4513"}],"curies":[{"name":"wp","href":"https:\/\/api.w.org\/{rel}","templated":true}]}}