{"id":4515,"date":"2025-02-04T02:46:10","date_gmt":"2025-02-04T02:46:10","guid":{"rendered":"https:\/\/shop.ferreteriasilver.com\/?product=sikaflex-1a-plus-purf-neg-c5048-12ctr300"},"modified":"2025-03-31T02:30:52","modified_gmt":"2025-03-31T02:30:52","slug":"sikaflex-1a-plus-purf-neg-c5048-12ctr300","status":"publish","type":"product","link":"https:\/\/shop.ferreteriasilver.com\/?product=sikaflex-1a-plus-purf-neg-c5048-12ctr300","title":{"rendered":"Sikaflex-1A Plus negro sellador el\u00e1stico de alto desempe\u00f1o base poliuretano tecnolog\u00eda PURFORM 300ML"},"content":{"rendered":"<p>Sellador el\u00e1stico de poliuretano para juntas con alto movimiento con elevada resistencia mec\u00e1nica y desempe\u00f1o. Con tecnolog\u00eda I-Cure, que cura libre de burbujas.<\/p>\n","protected":false},"excerpt":{"rendered":"<p>Sellador de bajo m\u00f3dulo para fachadas de concreto y mamposter\u00eda.<\/p>\n","protected":false},"featured_media":4390,"comment_status":"closed","ping_status":"closed","template":"","meta":[],"product_brand":[299],"product_cat":[203],"product_tag":[211,204,210,212,213],"class_list":{"0":"post-4515","1":"product","2":"type-product","3":"status-publish","4":"has-post-thumbnail","6":"product_brand-sika","7":"product_cat-adhesivos-y-sellantes","8":"product_tag-fisuras-y-uniones-de-alto-desempeno-base-poliuretano","9":"product_tag-poliuretano","10":"product_tag-sellante-de-juntas","11":"product_tag-sellar-juntas-en-muros","12":"product_tag-ventaneria-con-fuerte-movimiento","14":"first","15":"instock","16":"taxable","17":"shipping-taxable","18":"purchasable","19":"product-type-simple"},"_links":{"self":[{"href":"https:\/\/shop.ferreteriasilver.com\/index.php?rest_route=\/wp\/v2\/product\/4515","targetHints":{"allow":["GET"]}}],"collection":[{"href":"https:\/\/shop.ferreteriasilver.com\/index.php?rest_route=\/wp\/v2\/product"}],"about":[{"href":"https:\/\/shop.ferreteriasilver.com\/index.php?rest_route=\/wp\/v2\/types\/product"}],"replies":[{"embeddable":true,"href":"https:\/\/shop.ferreteriasilver.com\/index.php?rest_route=%2Fwp%2Fv2%2Fcomments&post=4515"}],"wp:featuredmedia":[{"embeddable":true,"href":"https:\/\/shop.ferreteriasilver.com\/index.php?rest_route=\/wp\/v2\/media\/4390"}],"wp:attachment":[{"href":"https:\/\/shop.ferreteriasilver.com\/index.php?rest_route=%2Fwp%2Fv2%2Fmedia&parent=4515"}],"wp:term":[{"taxonomy":"product_brand","embeddable":true,"href":"https:\/\/shop.ferreteriasilver.com\/index.php?rest_route=%2Fwp%2Fv2%2Fproduct_brand&post=4515"},{"taxonomy":"product_cat","embeddable":true,"href":"https:\/\/shop.ferreteriasilver.com\/index.php?rest_route=%2Fwp%2Fv2%2Fproduct_cat&post=4515"},{"taxonomy":"product_tag","embeddable":true,"href":"https:\/\/shop.ferreteriasilver.com\/index.php?rest_route=%2Fwp%2Fv2%2Fproduct_tag&post=4515"}],"curies":[{"name":"wp","href":"https:\/\/api.w.org\/{rel}","templated":true}]}}