{"id":4520,"date":"2025-02-04T02:46:11","date_gmt":"2025-02-04T02:46:11","guid":{"rendered":"https:\/\/shop.ferreteriasilver.com\/?product=sikaflex-universal-c-gre-c5021-12ctr300"},"modified":"2025-03-31T02:30:55","modified_gmt":"2025-03-31T02:30:55","slug":"sikaflex-universal-c-gre-c5021-12ctr300","status":"publish","type":"product","link":"https:\/\/shop.ferreteriasilver.com\/?product=sikaflex-universal-c-gre-c5021-12ctr300","title":{"rendered":"Sikaflex Universal gris sellador el\u00e1stico para juntas de normal desempe\u00f1o base poliuretano 300ML"},"content":{"rendered":"<p>Sellador el\u00e1stico de poliuretano para juntas con normal movimiento que cura con la humedad del ambiente.<\/p>\n","protected":false},"excerpt":{"rendered":"<p>Sellador flexible de poliuretano est\u00e1ndar para juntas de conexi\u00f3n. <\/p>\n","protected":false},"featured_media":4393,"comment_status":"closed","ping_status":"closed","template":"","meta":[],"product_brand":[299],"product_cat":[203],"product_tag":[214,204,210,212,215],"class_list":{"0":"post-4520","1":"product","2":"type-product","3":"status-publish","4":"has-post-thumbnail","6":"product_brand-sika","7":"product_cat-adhesivos-y-sellantes","8":"product_tag-fisuras-y-uniones-de-normal-desempeno-base-poliuretano","9":"product_tag-poliuretano","10":"product_tag-sellante-de-juntas","11":"product_tag-sellar-juntas-en-muros","12":"product_tag-ventaneria-con-moderado-a-normal-movimiento","14":"first","15":"instock","16":"taxable","17":"shipping-taxable","18":"purchasable","19":"product-type-simple"},"_links":{"self":[{"href":"https:\/\/shop.ferreteriasilver.com\/index.php?rest_route=\/wp\/v2\/product\/4520","targetHints":{"allow":["GET"]}}],"collection":[{"href":"https:\/\/shop.ferreteriasilver.com\/index.php?rest_route=\/wp\/v2\/product"}],"about":[{"href":"https:\/\/shop.ferreteriasilver.com\/index.php?rest_route=\/wp\/v2\/types\/product"}],"replies":[{"embeddable":true,"href":"https:\/\/shop.ferreteriasilver.com\/index.php?rest_route=%2Fwp%2Fv2%2Fcomments&post=4520"}],"wp:featuredmedia":[{"embeddable":true,"href":"https:\/\/shop.ferreteriasilver.com\/index.php?rest_route=\/wp\/v2\/media\/4393"}],"wp:attachment":[{"href":"https:\/\/shop.ferreteriasilver.com\/index.php?rest_route=%2Fwp%2Fv2%2Fmedia&parent=4520"}],"wp:term":[{"taxonomy":"product_brand","embeddable":true,"href":"https:\/\/shop.ferreteriasilver.com\/index.php?rest_route=%2Fwp%2Fv2%2Fproduct_brand&post=4520"},{"taxonomy":"product_cat","embeddable":true,"href":"https:\/\/shop.ferreteriasilver.com\/index.php?rest_route=%2Fwp%2Fv2%2Fproduct_cat&post=4520"},{"taxonomy":"product_tag","embeddable":true,"href":"https:\/\/shop.ferreteriasilver.com\/index.php?rest_route=%2Fwp%2Fv2%2Fproduct_tag&post=4520"}],"curies":[{"name":"wp","href":"https:\/\/api.w.org\/{rel}","templated":true}]}}