{"id":4522,"date":"2025-02-04T02:46:12","date_gmt":"2025-02-04T02:46:12","guid":{"rendered":"https:\/\/shop.ferreteriasilver.com\/?product=sikaflex-pro-3-purf-gri-be-c5047-20up600"},"modified":"2025-03-31T02:30:56","modified_gmt":"2025-03-31T02:30:56","slug":"sikaflex-pro-3-purf-gri-be-c5047-20up600","status":"publish","type":"product","link":"https:\/\/shop.ferreteriasilver.com\/?product=sikaflex-pro-3-purf-gri-be-c5047-20up600","title":{"rendered":"Sikaflex PRO 3 Purfom sellador de poliuretano para juntas con movimiento y resistencia qu\u00edmica 600ML"},"content":{"rendered":"<p>Sellador de poliuretano para juntas con movimiento con resistencia qu\u00edmica para suelos y aplicaciones de ingenier\u00eda civil.<\/p>\n<p>Sikaflex\u00ae PRO-3 Purform\u00ae es un sellador de poliuretano el\u00e1stico de 1 componente, de curado por humedad. Sella numerosos tipos de configuraciones de juntas en suelos y estructuras de ingenier\u00eda civil. La elasticidad se mantiene en un amplio rango de temperaturas y su alta resistencia mec\u00e1nica y qu\u00edmica proporciona una buena durabilidad.<\/p>\n","protected":false},"excerpt":{"rendered":"<p>Sellador de poliuretano para juntas en pisos y aplicaciones de ingenier\u00eda civil.<\/p>\n","protected":false},"featured_media":4392,"comment_status":"closed","ping_status":"closed","template":"","meta":[],"product_brand":[299],"product_cat":[203],"product_tag":[216,218,204,210,217],"class_list":{"0":"post-4522","1":"product","2":"type-product","3":"status-publish","4":"has-post-thumbnail","6":"product_brand-sika","7":"product_cat-adhesivos-y-sellantes","8":"product_tag-fisuras-y-uniones-de-alto-desempeno-con-resistencia-quimica-base-poliuretano","9":"product_tag-muros-con-moderado-a-fuerte-movimiento","10":"product_tag-poliuretano","11":"product_tag-sellante-de-juntas","12":"product_tag-sellar-juntas-en-pisos","14":"first","15":"instock","16":"taxable","17":"shipping-taxable","18":"purchasable","19":"product-type-simple"},"_links":{"self":[{"href":"https:\/\/shop.ferreteriasilver.com\/index.php?rest_route=\/wp\/v2\/product\/4522","targetHints":{"allow":["GET"]}}],"collection":[{"href":"https:\/\/shop.ferreteriasilver.com\/index.php?rest_route=\/wp\/v2\/product"}],"about":[{"href":"https:\/\/shop.ferreteriasilver.com\/index.php?rest_route=\/wp\/v2\/types\/product"}],"replies":[{"embeddable":true,"href":"https:\/\/shop.ferreteriasilver.com\/index.php?rest_route=%2Fwp%2Fv2%2Fcomments&post=4522"}],"wp:featuredmedia":[{"embeddable":true,"href":"https:\/\/shop.ferreteriasilver.com\/index.php?rest_route=\/wp\/v2\/media\/4392"}],"wp:attachment":[{"href":"https:\/\/shop.ferreteriasilver.com\/index.php?rest_route=%2Fwp%2Fv2%2Fmedia&parent=4522"}],"wp:term":[{"taxonomy":"product_brand","embeddable":true,"href":"https:\/\/shop.ferreteriasilver.com\/index.php?rest_route=%2Fwp%2Fv2%2Fproduct_brand&post=4522"},{"taxonomy":"product_cat","embeddable":true,"href":"https:\/\/shop.ferreteriasilver.com\/index.php?rest_route=%2Fwp%2Fv2%2Fproduct_cat&post=4522"},{"taxonomy":"product_tag","embeddable":true,"href":"https:\/\/shop.ferreteriasilver.com\/index.php?rest_route=%2Fwp%2Fv2%2Fproduct_tag&post=4522"}],"curies":[{"name":"wp","href":"https:\/\/api.w.org\/{rel}","templated":true}]}}