{"id":4527,"date":"2025-02-04T02:46:13","date_gmt":"2025-02-04T02:46:13","guid":{"rendered":"https:\/\/shop.ferreteriasilver.com\/?product=sikasello-multiusos-blanco-12-ctr280"},"modified":"2025-03-31T02:30:56","modified_gmt":"2025-03-31T02:30:56","slug":"sikasello-multiusos-blanco-12-ctr280","status":"publish","type":"product","link":"https:\/\/shop.ferreteriasilver.com\/?product=sikasello-multiusos-blanco-12-ctr280","title":{"rendered":"Sika Sello Multiusos sellador acr\u00edlico para juntas con moderado movimiento 280ML"},"content":{"rendered":"<p>Sellador acr\u00edlico plasto-el\u00e1stico para juntas con moderado movimiento de uso interior y exterior.<\/p>\n","protected":false},"excerpt":{"rendered":"<p>Sellador acr\u00edlico plasto-el\u00e1stico para juntas con moderado movimiento de uso interior y exterior. <\/p>\n","protected":false},"featured_media":4418,"comment_status":"closed","ping_status":"closed","template":"","meta":[],"product_brand":[299],"product_cat":[203],"product_tag":[232,231,233,229,228,227,212,230],"class_list":{"0":"post-4527","1":"product","2":"type-product","3":"status-publish","4":"has-post-thumbnail","6":"product_brand-sika","7":"product_cat-adhesivos-y-sellantes","8":"product_tag-base-acrilica","9":"product_tag-fisuras","10":"product_tag-fisuras-con-moderado-movimiento","11":"product_tag-muros","12":"product_tag-sellado-de-juntas","13":"product_tag-sellante","14":"product_tag-sellar-juntas-en-muros","15":"product_tag-ventanas","17":"first","18":"instock","19":"taxable","20":"shipping-taxable","21":"purchasable","22":"product-type-simple"},"_links":{"self":[{"href":"https:\/\/shop.ferreteriasilver.com\/index.php?rest_route=\/wp\/v2\/product\/4527","targetHints":{"allow":["GET"]}}],"collection":[{"href":"https:\/\/shop.ferreteriasilver.com\/index.php?rest_route=\/wp\/v2\/product"}],"about":[{"href":"https:\/\/shop.ferreteriasilver.com\/index.php?rest_route=\/wp\/v2\/types\/product"}],"replies":[{"embeddable":true,"href":"https:\/\/shop.ferreteriasilver.com\/index.php?rest_route=%2Fwp%2Fv2%2Fcomments&post=4527"}],"wp:featuredmedia":[{"embeddable":true,"href":"https:\/\/shop.ferreteriasilver.com\/index.php?rest_route=\/wp\/v2\/media\/4418"}],"wp:attachment":[{"href":"https:\/\/shop.ferreteriasilver.com\/index.php?rest_route=%2Fwp%2Fv2%2Fmedia&parent=4527"}],"wp:term":[{"taxonomy":"product_brand","embeddable":true,"href":"https:\/\/shop.ferreteriasilver.com\/index.php?rest_route=%2Fwp%2Fv2%2Fproduct_brand&post=4527"},{"taxonomy":"product_cat","embeddable":true,"href":"https:\/\/shop.ferreteriasilver.com\/index.php?rest_route=%2Fwp%2Fv2%2Fproduct_cat&post=4527"},{"taxonomy":"product_tag","embeddable":true,"href":"https:\/\/shop.ferreteriasilver.com\/index.php?rest_route=%2Fwp%2Fv2%2Fproduct_tag&post=4527"}],"curies":[{"name":"wp","href":"https:\/\/api.w.org\/{rel}","templated":true}]}}