{"id":4535,"date":"2025-02-04T02:46:15","date_gmt":"2025-02-04T02:46:15","guid":{"rendered":"https:\/\/shop.ferreteriasilver.com\/?product=sikatop-122-ab-hot-co-27kg"},"modified":"2025-03-31T02:30:58","modified_gmt":"2025-03-31T02:30:58","slug":"sikatop-122-ab-hot-co-27kg","status":"publish","type":"product","link":"https:\/\/shop.ferreteriasilver.com\/?product=sikatop-122-ab-hot-co-27kg","title":{"rendered":"SikaTop 122 clima c\u00e1lido mortero base acr\u00edlica para reparaci\u00f3n estructural 27KG"},"content":{"rendered":"<p>Mortero cementoso modificado con resina acr\u00edlica de dos componentes, consistencia pastosa, con altas resistencias mec\u00e1nicas y gran adherencia al soporte, especialmente dise\u00f1ado para reparaciones en elementos estructurales de concreto.<\/p>\n","protected":false},"excerpt":{"rendered":"<p>Mortero de reparaci\u00f3n, modificado con pol\u00edmeros, para reparaciones estructurales.<\/p>\n","protected":false},"featured_media":4424,"comment_status":"closed","ping_status":"closed","template":"","meta":[],"product_brand":[299],"product_cat":[237],"product_tag":[201,247,248],"class_list":{"0":"post-4535","1":"product","2":"type-product","3":"status-publish","4":"has-post-thumbnail","6":"product_brand-sika","7":"product_cat-repara-y-protege","8":"product_tag-mortero","9":"product_tag-mortero-para-reparacion-base-acrilico-cementosa","10":"product_tag-recuperar-y-proteger-secciones-estructuralmente","12":"first","13":"instock","14":"taxable","15":"shipping-taxable","16":"purchasable","17":"product-type-simple"},"_links":{"self":[{"href":"https:\/\/shop.ferreteriasilver.com\/index.php?rest_route=\/wp\/v2\/product\/4535","targetHints":{"allow":["GET"]}}],"collection":[{"href":"https:\/\/shop.ferreteriasilver.com\/index.php?rest_route=\/wp\/v2\/product"}],"about":[{"href":"https:\/\/shop.ferreteriasilver.com\/index.php?rest_route=\/wp\/v2\/types\/product"}],"replies":[{"embeddable":true,"href":"https:\/\/shop.ferreteriasilver.com\/index.php?rest_route=%2Fwp%2Fv2%2Fcomments&post=4535"}],"wp:featuredmedia":[{"embeddable":true,"href":"https:\/\/shop.ferreteriasilver.com\/index.php?rest_route=\/wp\/v2\/media\/4424"}],"wp:attachment":[{"href":"https:\/\/shop.ferreteriasilver.com\/index.php?rest_route=%2Fwp%2Fv2%2Fmedia&parent=4535"}],"wp:term":[{"taxonomy":"product_brand","embeddable":true,"href":"https:\/\/shop.ferreteriasilver.com\/index.php?rest_route=%2Fwp%2Fv2%2Fproduct_brand&post=4535"},{"taxonomy":"product_cat","embeddable":true,"href":"https:\/\/shop.ferreteriasilver.com\/index.php?rest_route=%2Fwp%2Fv2%2Fproduct_cat&post=4535"},{"taxonomy":"product_tag","embeddable":true,"href":"https:\/\/shop.ferreteriasilver.com\/index.php?rest_route=%2Fwp%2Fv2%2Fproduct_tag&post=4535"}],"curies":[{"name":"wp","href":"https:\/\/api.w.org\/{rel}","templated":true}]}}