{"id":4543,"date":"2025-02-04T02:46:17","date_gmt":"2025-02-04T02:46:17","guid":{"rendered":"https:\/\/shop.ferreteriasilver.com\/?product=sika-1-universal-6x4kg"},"modified":"2025-03-31T02:30:59","modified_gmt":"2025-03-31T02:30:59","slug":"sika-1-universal-6x4kg","status":"publish","type":"product","link":"https:\/\/shop.ferreteriasilver.com\/?product=sika-1-universal-6x4kg","title":{"rendered":"Sika 1 Universal aditivo impermeabilizante para concreto y mortero 4KG"},"content":{"rendered":"<p> Sika\u00ae-1 Universal adivitivo impermeabilizante mejorado con pol\u00edmeros sent\u00e9ticos, que disminuye la contracci\u00f3n, las fisuras y la porosidad del mortero.<\/p>\n","protected":false},"excerpt":{"rendered":"<p>Sika\u00ae-1 Universal adivitivo impermeabilizante mejorado con pol\u00edmeros sent\u00e9ticos, que disminuye la contracci\u00f3n, las fisuras y la porosidad del mortero.<\/p>\n","protected":false},"featured_media":4371,"comment_status":"closed","ping_status":"closed","template":"","meta":[],"product_brand":[299],"product_cat":[257],"product_tag":[258,194,259,229,254,260,261],"class_list":{"0":"post-4543","1":"product","2":"type-product","3":"status-publish","4":"has-post-thumbnail","6":"product_brand-sika","7":"product_cat-aditivos-y-complementarios","8":"product_tag-aditivo","9":"product_tag-asfaltico-para-techos-y-cimentaciones","10":"product_tag-impermeabilizar-y-aumentar-durabilidad-de-morteros-y-concretos-en-cimentaciones","11":"product_tag-muros","12":"product_tag-otros","13":"product_tag-sotanos","14":"product_tag-tanques","16":"first","17":"instock","18":"taxable","19":"shipping-taxable","20":"purchasable","21":"product-type-simple"},"_links":{"self":[{"href":"https:\/\/shop.ferreteriasilver.com\/index.php?rest_route=\/wp\/v2\/product\/4543","targetHints":{"allow":["GET"]}}],"collection":[{"href":"https:\/\/shop.ferreteriasilver.com\/index.php?rest_route=\/wp\/v2\/product"}],"about":[{"href":"https:\/\/shop.ferreteriasilver.com\/index.php?rest_route=\/wp\/v2\/types\/product"}],"replies":[{"embeddable":true,"href":"https:\/\/shop.ferreteriasilver.com\/index.php?rest_route=%2Fwp%2Fv2%2Fcomments&post=4543"}],"wp:featuredmedia":[{"embeddable":true,"href":"https:\/\/shop.ferreteriasilver.com\/index.php?rest_route=\/wp\/v2\/media\/4371"}],"wp:attachment":[{"href":"https:\/\/shop.ferreteriasilver.com\/index.php?rest_route=%2Fwp%2Fv2%2Fmedia&parent=4543"}],"wp:term":[{"taxonomy":"product_brand","embeddable":true,"href":"https:\/\/shop.ferreteriasilver.com\/index.php?rest_route=%2Fwp%2Fv2%2Fproduct_brand&post=4543"},{"taxonomy":"product_cat","embeddable":true,"href":"https:\/\/shop.ferreteriasilver.com\/index.php?rest_route=%2Fwp%2Fv2%2Fproduct_cat&post=4543"},{"taxonomy":"product_tag","embeddable":true,"href":"https:\/\/shop.ferreteriasilver.com\/index.php?rest_route=%2Fwp%2Fv2%2Fproduct_tag&post=4543"}],"curies":[{"name":"wp","href":"https:\/\/api.w.org\/{rel}","templated":true}]}}