{"id":4545,"date":"2025-02-04T02:46:20","date_gmt":"2025-02-04T02:46:20","guid":{"rendered":"https:\/\/shop.ferreteriasilver.com\/?product=sikaset-l-12x26kg"},"modified":"2025-03-31T02:30:59","modified_gmt":"2025-03-31T02:30:59","slug":"sikaset-l-12x26kg","status":"publish","type":"product","link":"https:\/\/shop.ferreteriasilver.com\/?product=sikaset-l-12x26kg","title":{"rendered":"Sikaset L Universal aditivo l\u00edquido acelerante del fraguado de concretos y morteros 6KG"},"content":{"rendered":"<p>Aditivo l\u00edquido que acelera el fraguado (endurecimiento) y el desarrollo de resistencias mec\u00e1nicas del mortero y el concreto a todas las edades (tempranas y finales). Se obtienen resistencias m\u00e1s altas a edad temprana.<\/p>\n","protected":false},"excerpt":{"rendered":"<p>Acelerante de fraguados y resistencias para concreto y mortero.<\/p>\n","protected":false},"featured_media":4419,"comment_status":"closed","ping_status":"closed","template":"","meta":[],"product_brand":[299],"product_cat":[257],"product_tag":[263,258,262],"class_list":{"0":"post-4545","1":"product","2":"type-product","3":"status-publish","4":"has-post-thumbnail","6":"product_brand-sika","7":"product_cat-aditivos-y-complementarios","8":"product_tag-acelerar-tiempo-de-fraguado-y-resistencia-inicial-de-concretos-y-morteros","9":"product_tag-aditivo","10":"product_tag-aditivo-acelerante-para-morteros-y-concretos","12":"first","13":"outofstock","14":"taxable","15":"shipping-taxable","16":"purchasable","17":"product-type-simple"},"_links":{"self":[{"href":"https:\/\/shop.ferreteriasilver.com\/index.php?rest_route=\/wp\/v2\/product\/4545","targetHints":{"allow":["GET"]}}],"collection":[{"href":"https:\/\/shop.ferreteriasilver.com\/index.php?rest_route=\/wp\/v2\/product"}],"about":[{"href":"https:\/\/shop.ferreteriasilver.com\/index.php?rest_route=\/wp\/v2\/types\/product"}],"replies":[{"embeddable":true,"href":"https:\/\/shop.ferreteriasilver.com\/index.php?rest_route=%2Fwp%2Fv2%2Fcomments&post=4545"}],"wp:featuredmedia":[{"embeddable":true,"href":"https:\/\/shop.ferreteriasilver.com\/index.php?rest_route=\/wp\/v2\/media\/4419"}],"wp:attachment":[{"href":"https:\/\/shop.ferreteriasilver.com\/index.php?rest_route=%2Fwp%2Fv2%2Fmedia&parent=4545"}],"wp:term":[{"taxonomy":"product_brand","embeddable":true,"href":"https:\/\/shop.ferreteriasilver.com\/index.php?rest_route=%2Fwp%2Fv2%2Fproduct_brand&post=4545"},{"taxonomy":"product_cat","embeddable":true,"href":"https:\/\/shop.ferreteriasilver.com\/index.php?rest_route=%2Fwp%2Fv2%2Fproduct_cat&post=4545"},{"taxonomy":"product_tag","embeddable":true,"href":"https:\/\/shop.ferreteriasilver.com\/index.php?rest_route=%2Fwp%2Fv2%2Fproduct_tag&post=4545"}],"curies":[{"name":"wp","href":"https:\/\/api.w.org\/{rel}","templated":true}]}}