{"id":4552,"date":"2025-02-04T02:46:22","date_gmt":"2025-02-04T02:46:22","guid":{"rendered":"https:\/\/shop.ferreteriasilver.com\/?product=sikalatex-co-tb-200kg"},"modified":"2025-03-31T02:31:03","modified_gmt":"2025-03-31T02:31:03","slug":"sikalatex-co-tb-200kg","status":"publish","type":"product","link":"https:\/\/shop.ferreteriasilver.com\/?product=sikalatex-co-tb-200kg","title":{"rendered":"SikaLatex aditivo mejorador de adherencia para mortero 200KG"},"content":{"rendered":"<p>Aditivo tipo l\u00e1tex, dispersi\u00f3n acuosa de resinas sint\u00e9ticas acr\u00edlicas, usado para mejorar la adherencia en pega de mortero, concreto o para mejorar las caracter\u00edsticas de los morteros como manejabildad, permeabilidad y retracci\u00f3n.<\/p>\n","protected":false},"excerpt":{"rendered":"<p>Resina para mejorar la adherencia y la calidad de morteros cementosos.<\/p>\n","protected":false},"featured_media":4401,"comment_status":"closed","ping_status":"closed","template":"","meta":[],"product_brand":[299],"product_cat":[257],"product_tag":[258,265,266,264],"class_list":{"0":"post-4552","1":"product","2":"type-product","3":"status-publish","4":"has-post-thumbnail","6":"product_brand-sika","7":"product_cat-aditivos-y-complementarios","8":"product_tag-aditivo","9":"product_tag-mejorador-de-adherencia-entre-concretos","10":"product_tag-morteros-frescos-y-endurecidos","11":"product_tag-resina-para-mejorar-adherencia-en-morteros-y-concretos-base-acrilica","13":"first","14":"outofstock","15":"taxable","16":"shipping-taxable","17":"purchasable","18":"product-type-simple"},"_links":{"self":[{"href":"https:\/\/shop.ferreteriasilver.com\/index.php?rest_route=\/wp\/v2\/product\/4552","targetHints":{"allow":["GET"]}}],"collection":[{"href":"https:\/\/shop.ferreteriasilver.com\/index.php?rest_route=\/wp\/v2\/product"}],"about":[{"href":"https:\/\/shop.ferreteriasilver.com\/index.php?rest_route=\/wp\/v2\/types\/product"}],"replies":[{"embeddable":true,"href":"https:\/\/shop.ferreteriasilver.com\/index.php?rest_route=%2Fwp%2Fv2%2Fcomments&post=4552"}],"wp:featuredmedia":[{"embeddable":true,"href":"https:\/\/shop.ferreteriasilver.com\/index.php?rest_route=\/wp\/v2\/media\/4401"}],"wp:attachment":[{"href":"https:\/\/shop.ferreteriasilver.com\/index.php?rest_route=%2Fwp%2Fv2%2Fmedia&parent=4552"}],"wp:term":[{"taxonomy":"product_brand","embeddable":true,"href":"https:\/\/shop.ferreteriasilver.com\/index.php?rest_route=%2Fwp%2Fv2%2Fproduct_brand&post=4552"},{"taxonomy":"product_cat","embeddable":true,"href":"https:\/\/shop.ferreteriasilver.com\/index.php?rest_route=%2Fwp%2Fv2%2Fproduct_cat&post=4552"},{"taxonomy":"product_tag","embeddable":true,"href":"https:\/\/shop.ferreteriasilver.com\/index.php?rest_route=%2Fwp%2Fv2%2Fproduct_tag&post=4552"}],"curies":[{"name":"wp","href":"https:\/\/api.w.org\/{rel}","templated":true}]}}