{"id":4558,"date":"2025-02-04T02:46:24","date_gmt":"2025-02-04T02:46:24","guid":{"rendered":"https:\/\/shop.ferreteriasilver.com\/?product=sikacor-90-autoimpriman-hsablanco-5gal"},"modified":"2025-03-31T02:31:04","modified_gmt":"2025-03-31T02:31:04","slug":"sikacor-90-autoimpriman-hsablanco-5gal","status":"publish","type":"product","link":"https:\/\/shop.ferreteriasilver.com\/?product=sikacor-90-autoimpriman-hsablanco-5gal","title":{"rendered":"SikaCor 90 recubrimiento ep\u00f3xico para tanques, estructuras y tuberias met\u00e1licas 5GAL"},"content":{"rendered":"<p>Sistema autoimprimante, ep\u00f3xico polim\u00e9rico, de dos componentes, con excelente resistencia qu\u00edmica, buena resistencia mec\u00e1nica, contiene pigmentos activos a base de fosfato de cinc, catalizador tipo amina alif\u00e1tica.<\/p>\n","protected":false},"excerpt":{"rendered":"<p>Recubrimiento epoxi &#8211; amina para interior y exterior de tanques, exterior de estructuras y tuberias metalicas.<\/p>\n","protected":false},"featured_media":4444,"comment_status":"closed","ping_status":"closed","template":"","meta":[],"product_brand":[299],"product_cat":[270],"product_tag":[273,271],"class_list":{"0":"post-4558","1":"product","2":"type-product","3":"status-publish","4":"has-post-thumbnail","6":"product_brand-sika","7":"product_cat-especialidades","8":"product_tag-autoimprimante-y-barrera","9":"product_tag-recubrimiento","11":"first","12":"instock","13":"taxable","14":"shipping-taxable","15":"purchasable","16":"product-type-simple"},"_links":{"self":[{"href":"https:\/\/shop.ferreteriasilver.com\/index.php?rest_route=\/wp\/v2\/product\/4558","targetHints":{"allow":["GET"]}}],"collection":[{"href":"https:\/\/shop.ferreteriasilver.com\/index.php?rest_route=\/wp\/v2\/product"}],"about":[{"href":"https:\/\/shop.ferreteriasilver.com\/index.php?rest_route=\/wp\/v2\/types\/product"}],"replies":[{"embeddable":true,"href":"https:\/\/shop.ferreteriasilver.com\/index.php?rest_route=%2Fwp%2Fv2%2Fcomments&post=4558"}],"wp:featuredmedia":[{"embeddable":true,"href":"https:\/\/shop.ferreteriasilver.com\/index.php?rest_route=\/wp\/v2\/media\/4444"}],"wp:attachment":[{"href":"https:\/\/shop.ferreteriasilver.com\/index.php?rest_route=%2Fwp%2Fv2%2Fmedia&parent=4558"}],"wp:term":[{"taxonomy":"product_brand","embeddable":true,"href":"https:\/\/shop.ferreteriasilver.com\/index.php?rest_route=%2Fwp%2Fv2%2Fproduct_brand&post=4558"},{"taxonomy":"product_cat","embeddable":true,"href":"https:\/\/shop.ferreteriasilver.com\/index.php?rest_route=%2Fwp%2Fv2%2Fproduct_cat&post=4558"},{"taxonomy":"product_tag","embeddable":true,"href":"https:\/\/shop.ferreteriasilver.com\/index.php?rest_route=%2Fwp%2Fv2%2Fproduct_tag&post=4558"}],"curies":[{"name":"wp","href":"https:\/\/api.w.org\/{rel}","templated":true}]}}