{"id":4559,"date":"2025-02-04T02:46:24","date_gmt":"2025-02-04T02:46:24","guid":{"rendered":"https:\/\/shop.ferreteriasilver.com\/?product=esmalte-uretano-ab-ral9016-white-5gal"},"modified":"2025-03-31T02:31:04","modified_gmt":"2025-03-31T02:31:04","slug":"esmalte-uretano-ab-ral9016-white-5gal","status":"publish","type":"product","link":"https:\/\/shop.ferreteriasilver.com\/?product=esmalte-uretano-ab-ral9016-white-5gal","title":{"rendered":"Esmalte Uretano recubrimiento brillante que protege estructuras met\u00e1licas y concreto 5GAL"},"content":{"rendered":"<p>Recubrimiento de uretano (poliuretano) brillante polim\u00e9rico, alif\u00e1tico de dos componentes. Utilizado como capa de acabado de sistemas ep\u00f3xicos para la protecci\u00f3n y decoraci\u00f3n de estructuras met\u00e1licas  y de concreto expuestas a la intemperie y a los rayos UV en ambientes agresivos.<\/p>\n","protected":false},"excerpt":{"rendered":"<p>Recubrimiento de uretano (poliuretano) brillante para protecci\u00f3n de estructuras met\u00e1licas y de concreto expuestas a la intemperie y a los rayos UV.<\/p>\n","protected":false},"featured_media":4360,"comment_status":"closed","ping_status":"closed","template":"","meta":[],"product_brand":[299],"product_cat":[270],"product_tag":[274,271],"class_list":{"0":"post-4559","1":"product","2":"type-product","3":"status-publish","4":"has-post-thumbnail","6":"product_brand-sika","7":"product_cat-especialidades","8":"product_tag-acabado-uretano-para-interperie","9":"product_tag-recubrimiento","11":"first","12":"instock","13":"taxable","14":"shipping-taxable","15":"purchasable","16":"product-type-simple"},"_links":{"self":[{"href":"https:\/\/shop.ferreteriasilver.com\/index.php?rest_route=\/wp\/v2\/product\/4559","targetHints":{"allow":["GET"]}}],"collection":[{"href":"https:\/\/shop.ferreteriasilver.com\/index.php?rest_route=\/wp\/v2\/product"}],"about":[{"href":"https:\/\/shop.ferreteriasilver.com\/index.php?rest_route=\/wp\/v2\/types\/product"}],"replies":[{"embeddable":true,"href":"https:\/\/shop.ferreteriasilver.com\/index.php?rest_route=%2Fwp%2Fv2%2Fcomments&post=4559"}],"wp:featuredmedia":[{"embeddable":true,"href":"https:\/\/shop.ferreteriasilver.com\/index.php?rest_route=\/wp\/v2\/media\/4360"}],"wp:attachment":[{"href":"https:\/\/shop.ferreteriasilver.com\/index.php?rest_route=%2Fwp%2Fv2%2Fmedia&parent=4559"}],"wp:term":[{"taxonomy":"product_brand","embeddable":true,"href":"https:\/\/shop.ferreteriasilver.com\/index.php?rest_route=%2Fwp%2Fv2%2Fproduct_brand&post=4559"},{"taxonomy":"product_cat","embeddable":true,"href":"https:\/\/shop.ferreteriasilver.com\/index.php?rest_route=%2Fwp%2Fv2%2Fproduct_cat&post=4559"},{"taxonomy":"product_tag","embeddable":true,"href":"https:\/\/shop.ferreteriasilver.com\/index.php?rest_route=%2Fwp%2Fv2%2Fproduct_tag&post=4559"}],"curies":[{"name":"wp","href":"https:\/\/api.w.org\/{rel}","templated":true}]}}