{"id":4560,"date":"2025-02-04T02:46:24","date_gmt":"2025-02-04T02:46:24","guid":{"rendered":"https:\/\/shop.ferreteriasilver.com\/?product=sikadur-35-hi-mod-lv-ab-co-3kg"},"modified":"2025-03-31T02:31:04","modified_gmt":"2025-03-31T02:31:04","slug":"sikadur-35-hi-mod-lv-ab-co-3kg","status":"publish","type":"product","link":"https:\/\/shop.ferreteriasilver.com\/?product=sikadur-35-hi-mod-lv-ab-co-3kg","title":{"rendered":"Sikadur-35 Hi-Mod LV adhesivo ep\u00f3xico de alto m\u00f3dulo, alta resistencia y baja viscosidad 3KG"},"content":{"rendered":"<p> Adhesivo ep\u00f3xico de alta resistencia para inyecciones en el concreto que cumple normas ASTM. De alta resistencia, baja viscosidad, insensible a la humedad, de dos componentes, 100% s\u00f3lidos.<\/p>\n","protected":false},"excerpt":{"rendered":"<p>Adhesivo ep\u00f3xico de alto modulo, alta resistencia y baja viscosidad.<\/p>\n","protected":false},"featured_media":4378,"comment_status":"closed","ping_status":"closed","template":"","meta":[],"product_brand":[299],"product_cat":[270],"product_tag":[207,277,276,275],"class_list":{"0":"post-4560","1":"product","2":"type-product","3":"status-publish","4":"has-post-thumbnail","6":"product_brand-sika","7":"product_cat-especialidades","8":"product_tag-adhesivo","9":"product_tag-base-epoxica","10":"product_tag-morteros","11":"product_tag-sellado-rigido-de-fisuras-en-concretos","13":"first","14":"outofstock","15":"taxable","16":"shipping-taxable","17":"purchasable","18":"product-type-simple"},"_links":{"self":[{"href":"https:\/\/shop.ferreteriasilver.com\/index.php?rest_route=\/wp\/v2\/product\/4560","targetHints":{"allow":["GET"]}}],"collection":[{"href":"https:\/\/shop.ferreteriasilver.com\/index.php?rest_route=\/wp\/v2\/product"}],"about":[{"href":"https:\/\/shop.ferreteriasilver.com\/index.php?rest_route=\/wp\/v2\/types\/product"}],"replies":[{"embeddable":true,"href":"https:\/\/shop.ferreteriasilver.com\/index.php?rest_route=%2Fwp%2Fv2%2Fcomments&post=4560"}],"wp:featuredmedia":[{"embeddable":true,"href":"https:\/\/shop.ferreteriasilver.com\/index.php?rest_route=\/wp\/v2\/media\/4378"}],"wp:attachment":[{"href":"https:\/\/shop.ferreteriasilver.com\/index.php?rest_route=%2Fwp%2Fv2%2Fmedia&parent=4560"}],"wp:term":[{"taxonomy":"product_brand","embeddable":true,"href":"https:\/\/shop.ferreteriasilver.com\/index.php?rest_route=%2Fwp%2Fv2%2Fproduct_brand&post=4560"},{"taxonomy":"product_cat","embeddable":true,"href":"https:\/\/shop.ferreteriasilver.com\/index.php?rest_route=%2Fwp%2Fv2%2Fproduct_cat&post=4560"},{"taxonomy":"product_tag","embeddable":true,"href":"https:\/\/shop.ferreteriasilver.com\/index.php?rest_route=%2Fwp%2Fv2%2Fproduct_tag&post=4560"}],"curies":[{"name":"wp","href":"https:\/\/api.w.org\/{rel}","templated":true}]}}