{"id":4561,"date":"2025-02-04T02:46:25","date_gmt":"2025-02-04T02:46:25","guid":{"rendered":"https:\/\/shop.ferreteriasilver.com\/?product=sikadur-combiflex-h-15-15cm125mco-rol"},"modified":"2025-03-31T02:31:04","modified_gmt":"2025-03-31T02:31:04","slug":"sikadur-combiflex-h-15-15cm125mco-rol","status":"publish","type":"product","link":"https:\/\/shop.ferreteriasilver.com\/?product=sikadur-combiflex-h-15-15cm125mco-rol","title":{"rendered":"Sikadur Combiflex H-15 sistema de sellado de juntas y fisuras de alto rendimiento ROLLO 12,5M"},"content":{"rendered":"<p>Sikadur Combiflex H-15 sistema impermeable para sellado de juntas de construcci\u00f3n, expansi\u00f3n (movimiento), contracci\u00f3n y conexi\u00f3n, as\u00ed como para sellado de grietas.<br \/>\nEl sistema Sikadur-Combiflex SG consiste de una cinta impermeable de poliolefina (TPO) flexible con un adhesivo ep\u00f3xico Sikadur de alta adherencia.<\/p>\n","protected":false},"excerpt":{"rendered":"<p>Sikadur Combiflex H-15 sistema impermeable para sellado de juntas de construcci\u00f3n, expansi\u00f3n (movimiento), contracci\u00f3n y conexi\u00f3n, as\u00ed como para sellado de grietas.<\/p>\n","protected":false},"featured_media":4379,"comment_status":"closed","ping_status":"closed","template":"","meta":[],"product_brand":[299],"product_cat":[270],"product_tag":[278,280,279,227],"class_list":{"0":"post-4561","1":"product","2":"type-product","3":"status-publish","4":"has-post-thumbnail","6":"product_brand-sika","7":"product_cat-especialidades","8":"product_tag-cinta-para-juntas-constructivas-entre-muros","9":"product_tag-mortero-cinta-hypalon","10":"product_tag-paredes-y-fisuras-amplias-de-concreto","11":"product_tag-sellante","13":"first","14":"outofstock","15":"taxable","16":"shipping-taxable","17":"purchasable","18":"product-type-simple"},"_links":{"self":[{"href":"https:\/\/shop.ferreteriasilver.com\/index.php?rest_route=\/wp\/v2\/product\/4561","targetHints":{"allow":["GET"]}}],"collection":[{"href":"https:\/\/shop.ferreteriasilver.com\/index.php?rest_route=\/wp\/v2\/product"}],"about":[{"href":"https:\/\/shop.ferreteriasilver.com\/index.php?rest_route=\/wp\/v2\/types\/product"}],"replies":[{"embeddable":true,"href":"https:\/\/shop.ferreteriasilver.com\/index.php?rest_route=%2Fwp%2Fv2%2Fcomments&post=4561"}],"wp:featuredmedia":[{"embeddable":true,"href":"https:\/\/shop.ferreteriasilver.com\/index.php?rest_route=\/wp\/v2\/media\/4379"}],"wp:attachment":[{"href":"https:\/\/shop.ferreteriasilver.com\/index.php?rest_route=%2Fwp%2Fv2%2Fmedia&parent=4561"}],"wp:term":[{"taxonomy":"product_brand","embeddable":true,"href":"https:\/\/shop.ferreteriasilver.com\/index.php?rest_route=%2Fwp%2Fv2%2Fproduct_brand&post=4561"},{"taxonomy":"product_cat","embeddable":true,"href":"https:\/\/shop.ferreteriasilver.com\/index.php?rest_route=%2Fwp%2Fv2%2Fproduct_cat&post=4561"},{"taxonomy":"product_tag","embeddable":true,"href":"https:\/\/shop.ferreteriasilver.com\/index.php?rest_route=%2Fwp%2Fv2%2Fproduct_tag&post=4561"}],"curies":[{"name":"wp","href":"https:\/\/api.w.org\/{rel}","templated":true}]}}