{"id":4562,"date":"2025-02-04T02:46:25","date_gmt":"2025-02-04T02:46:25","guid":{"rendered":"https:\/\/shop.ferreteriasilver.com\/?product=sikalastic-720-one-shot2abgray-96gal"},"modified":"2025-03-31T02:31:04","modified_gmt":"2025-03-31T02:31:04","slug":"sikalastic-720-one-shot2abgray-96gal","status":"publish","type":"product","link":"https:\/\/shop.ferreteriasilver.com\/?product=sikalastic-720-one-shot2abgray-96gal","title":{"rendered":"Sikalastic-720 One Shot revestimiento impermeable de poliuretano para tr\u00e1fico veh\u00edcular y petonal 9.6GAL"},"content":{"rendered":"<p> Sikalastic\u00ae-720 One Shot es un revestimiento impermeable de poliuretano elastom\u00e9rico de dos componentes, con textura integrada, de r\u00e1pido curado qu\u00edmico, alif\u00e1tico, para tr\u00e1fico vehicular y peatonal. Reemplaza los sistemas est\u00e1ndar de capa base y m\u00faltiples capas superiores.<\/p>\n","protected":false},"excerpt":{"rendered":"<p>Sikalastic\u00ae-720 One Shot es un revestimiento impermeable de poliuretano elastom\u00e9rico de dos componentes, con textura integrada, de r\u00e1pido curado qu\u00edmico, alif\u00e1tico, para tr\u00e1fico vehicular y peatonal. <\/p>\n","protected":false},"featured_media":4395,"comment_status":"closed","ping_status":"closed","template":"","meta":[],"product_brand":[299],"product_cat":[270],"product_tag":[193,282,281,283],"class_list":{"0":"post-4562","1":"product","2":"type-product","3":"status-publish","4":"has-post-thumbnail","6":"product_brand-sika","7":"product_cat-especialidades","8":"product_tag-impermeabilizante","9":"product_tag-impermeabilizar-y-proteger-cubiertas","10":"product_tag-recubrimiento-de-poliuretano-impermeable-para-plataformas-vehiculares-alto-desempeno","11":"product_tag-techos-y-parqueaderos","13":"first","14":"instock","15":"taxable","16":"shipping-taxable","17":"purchasable","18":"product-type-simple"},"_links":{"self":[{"href":"https:\/\/shop.ferreteriasilver.com\/index.php?rest_route=\/wp\/v2\/product\/4562","targetHints":{"allow":["GET"]}}],"collection":[{"href":"https:\/\/shop.ferreteriasilver.com\/index.php?rest_route=\/wp\/v2\/product"}],"about":[{"href":"https:\/\/shop.ferreteriasilver.com\/index.php?rest_route=\/wp\/v2\/types\/product"}],"replies":[{"embeddable":true,"href":"https:\/\/shop.ferreteriasilver.com\/index.php?rest_route=%2Fwp%2Fv2%2Fcomments&post=4562"}],"wp:featuredmedia":[{"embeddable":true,"href":"https:\/\/shop.ferreteriasilver.com\/index.php?rest_route=\/wp\/v2\/media\/4395"}],"wp:attachment":[{"href":"https:\/\/shop.ferreteriasilver.com\/index.php?rest_route=%2Fwp%2Fv2%2Fmedia&parent=4562"}],"wp:term":[{"taxonomy":"product_brand","embeddable":true,"href":"https:\/\/shop.ferreteriasilver.com\/index.php?rest_route=%2Fwp%2Fv2%2Fproduct_brand&post=4562"},{"taxonomy":"product_cat","embeddable":true,"href":"https:\/\/shop.ferreteriasilver.com\/index.php?rest_route=%2Fwp%2Fv2%2Fproduct_cat&post=4562"},{"taxonomy":"product_tag","embeddable":true,"href":"https:\/\/shop.ferreteriasilver.com\/index.php?rest_route=%2Fwp%2Fv2%2Fproduct_tag&post=4562"}],"curies":[{"name":"wp","href":"https:\/\/api.w.org\/{rel}","templated":true}]}}