{"id":4563,"date":"2025-02-04T02:46:25","date_gmt":"2025-02-04T02:46:25","guid":{"rendered":"https:\/\/shop.ferreteriasilver.com\/?product=sikalastic-850-m-a-bd-25kg"},"modified":"2025-03-31T02:31:05","modified_gmt":"2025-03-31T02:31:05","slug":"sikalastic-850-m-a-bd-25kg","status":"publish","type":"product","link":"https:\/\/shop.ferreteriasilver.com\/?product=sikalastic-850-m-a-bd-25kg","title":{"rendered":"Sikalastic-850 M membrana el\u00e1stica de poliuretano para impermeabilizaciones especializadas 25KG"},"content":{"rendered":"<p>Sikalastic\u00ae-850 M es una membrana de poliurea arom\u00e1tica bicomponente de aplicaci\u00f3n manual en fr\u00edo, de secado r\u00e1pido, pigmentada, y de altas prestaciones (elevada elasticidad). Es un material autonivelante para superficies planas y regulares. Tambi\u00e9n puede ser usada para superficies inclinadas o verticales. Debe protegerse de los rayos UV para evitar el amarillamiento con un Top Coat del tipo Sikalastic\u00ae-701 CO. <\/p>\n","protected":false},"excerpt":{"rendered":"<p>Sikalastic\u00ae-850 M es una membrana de poliurea arom\u00e1tica bicomponente de aplicaci\u00f3n manual en fr\u00edo, de secado r\u00e1pido, pigmentada, y de altas prestaciones (elevada elasticidad).<\/p>\n","protected":false},"featured_media":4396,"comment_status":"closed","ping_status":"closed","template":"","meta":[],"product_brand":[299],"product_cat":[270],"product_tag":[193,284,285],"class_list":{"0":"post-4563","1":"product","2":"type-product","3":"status-publish","4":"has-post-thumbnail","6":"product_brand-sika","7":"product_cat-especialidades","8":"product_tag-impermeabilizante","9":"product_tag-recubrimiento-impemeable-para-plataformas-vehiculares","10":"product_tag-tanques-base-poliurea","12":"first","13":"instock","14":"taxable","15":"shipping-taxable","16":"purchasable","17":"product-type-simple"},"_links":{"self":[{"href":"https:\/\/shop.ferreteriasilver.com\/index.php?rest_route=\/wp\/v2\/product\/4563","targetHints":{"allow":["GET"]}}],"collection":[{"href":"https:\/\/shop.ferreteriasilver.com\/index.php?rest_route=\/wp\/v2\/product"}],"about":[{"href":"https:\/\/shop.ferreteriasilver.com\/index.php?rest_route=\/wp\/v2\/types\/product"}],"replies":[{"embeddable":true,"href":"https:\/\/shop.ferreteriasilver.com\/index.php?rest_route=%2Fwp%2Fv2%2Fcomments&post=4563"}],"wp:featuredmedia":[{"embeddable":true,"href":"https:\/\/shop.ferreteriasilver.com\/index.php?rest_route=\/wp\/v2\/media\/4396"}],"wp:attachment":[{"href":"https:\/\/shop.ferreteriasilver.com\/index.php?rest_route=%2Fwp%2Fv2%2Fmedia&parent=4563"}],"wp:term":[{"taxonomy":"product_brand","embeddable":true,"href":"https:\/\/shop.ferreteriasilver.com\/index.php?rest_route=%2Fwp%2Fv2%2Fproduct_brand&post=4563"},{"taxonomy":"product_cat","embeddable":true,"href":"https:\/\/shop.ferreteriasilver.com\/index.php?rest_route=%2Fwp%2Fv2%2Fproduct_cat&post=4563"},{"taxonomy":"product_tag","embeddable":true,"href":"https:\/\/shop.ferreteriasilver.com\/index.php?rest_route=%2Fwp%2Fv2%2Fproduct_tag&post=4563"}],"curies":[{"name":"wp","href":"https:\/\/api.w.org\/{rel}","templated":true}]}}