{"id":4567,"date":"2025-02-04T02:46:26","date_gmt":"2025-02-04T02:46:26","guid":{"rendered":"https:\/\/shop.ferreteriasilver.com\/?product=sikawall-330-estuka-acrilico-12x025gal"},"modified":"2025-03-31T02:31:05","modified_gmt":"2025-03-31T02:31:05","slug":"sikawall-330-estuka-acrilico-12x025gal","status":"publish","type":"product","link":"https:\/\/shop.ferreteriasilver.com\/?product=sikawall-330-estuka-acrilico-12x025gal","title":{"rendered":"SikaWall 330 Estuka Acr\u00edlico estuco pl\u00e1stico listo para usar en interiores y exteriores  0.25KG"},"content":{"rendered":"<p>Estuco acr\u00edlico listo para usar, de buena manejabilidad para aplicar sobre muros y techos interiores y exteriores. <\/p>\n","protected":false},"excerpt":{"rendered":"<p>Estuco acr\u00edlico listo para usar, de buena manejabilidad para aplicar sobre muros y techos interiores y exteriores. <\/p>\n","protected":false},"featured_media":4434,"comment_status":"closed","ping_status":"closed","template":"","meta":[],"product_brand":[299],"product_cat":[287],"product_tag":[291,290,288,289,292],"class_list":{"0":"post-4567","1":"product","2":"type-product","3":"status-publish","4":"has-post-thumbnail","6":"product_brand-sika","7":"product_cat-protege-y-decora","8":"product_tag-concreto","9":"product_tag-estucar-superficies-lisas-mortero","10":"product_tag-estuco","11":"product_tag-estuco-plastico-para-muros-y-paredes-base-acrilica","12":"product_tag-fibrocemento-y-panel-yeso","14":"first","15":"outofstock","16":"taxable","17":"shipping-taxable","18":"purchasable","19":"product-type-simple"},"_links":{"self":[{"href":"https:\/\/shop.ferreteriasilver.com\/index.php?rest_route=\/wp\/v2\/product\/4567","targetHints":{"allow":["GET"]}}],"collection":[{"href":"https:\/\/shop.ferreteriasilver.com\/index.php?rest_route=\/wp\/v2\/product"}],"about":[{"href":"https:\/\/shop.ferreteriasilver.com\/index.php?rest_route=\/wp\/v2\/types\/product"}],"replies":[{"embeddable":true,"href":"https:\/\/shop.ferreteriasilver.com\/index.php?rest_route=%2Fwp%2Fv2%2Fcomments&post=4567"}],"wp:featuredmedia":[{"embeddable":true,"href":"https:\/\/shop.ferreteriasilver.com\/index.php?rest_route=\/wp\/v2\/media\/4434"}],"wp:attachment":[{"href":"https:\/\/shop.ferreteriasilver.com\/index.php?rest_route=%2Fwp%2Fv2%2Fmedia&parent=4567"}],"wp:term":[{"taxonomy":"product_brand","embeddable":true,"href":"https:\/\/shop.ferreteriasilver.com\/index.php?rest_route=%2Fwp%2Fv2%2Fproduct_brand&post=4567"},{"taxonomy":"product_cat","embeddable":true,"href":"https:\/\/shop.ferreteriasilver.com\/index.php?rest_route=%2Fwp%2Fv2%2Fproduct_cat&post=4567"},{"taxonomy":"product_tag","embeddable":true,"href":"https:\/\/shop.ferreteriasilver.com\/index.php?rest_route=%2Fwp%2Fv2%2Fproduct_tag&post=4567"}],"curies":[{"name":"wp","href":"https:\/\/api.w.org\/{rel}","templated":true}]}}