{"id":4577,"date":"2025-02-04T02:46:31","date_gmt":"2025-02-04T02:46:31","guid":{"rendered":"https:\/\/shop.ferreteriasilver.com\/?product=sikacolor-c-blanco-co-tb-55gal"},"modified":"2025-03-31T02:31:09","modified_gmt":"2025-03-31T02:31:09","slug":"sikacolor-c-blanco-co-tb-55gal","status":"publish","type":"product","link":"https:\/\/shop.ferreteriasilver.com\/?product=sikacolor-c-blanco-co-tb-55gal","title":{"rendered":"SikaColor C Blanco recubrimiento impermeable y decorativo para concreto 55GAL"},"content":{"rendered":"<p>Recubrimiento impermeable con base en agua y resinas acr\u00edlicas impermeables, protege el concreto, mortero, fibro-cemento y ladrillo de los agentes m\u00e1s agresivos de la contaminaci\u00f3n del medio ambiente como son di\u00f3xido de carbono (CO2), di\u00f3xido de azufre, entre otros.<\/p>\n","protected":false},"excerpt":{"rendered":"<p>Recubrimiento protector y decorativo blanco con base en resinas acr\u00edlicas para concreto, mortero, fibrocemento y  ladrillo.<\/p>\n","protected":false},"featured_media":4445,"comment_status":"closed","ping_status":"closed","template":"","meta":[],"product_brand":[299],"product_cat":[287],"product_tag":[296,298,297],"class_list":{"0":"post-4577","1":"product","2":"type-product","3":"status-publish","4":"has-post-thumbnail","6":"product_brand-sika","7":"product_cat-protege-y-decora","8":"product_tag-pintura","9":"product_tag-proteger-impermeablemente-muros-exteriores","10":"product_tag-recubrimiento-impermeable-anticarbonatacion-base-acrilica","12":"first","13":"instock","14":"taxable","15":"shipping-taxable","16":"purchasable","17":"product-type-simple"},"_links":{"self":[{"href":"https:\/\/shop.ferreteriasilver.com\/index.php?rest_route=\/wp\/v2\/product\/4577","targetHints":{"allow":["GET"]}}],"collection":[{"href":"https:\/\/shop.ferreteriasilver.com\/index.php?rest_route=\/wp\/v2\/product"}],"about":[{"href":"https:\/\/shop.ferreteriasilver.com\/index.php?rest_route=\/wp\/v2\/types\/product"}],"replies":[{"embeddable":true,"href":"https:\/\/shop.ferreteriasilver.com\/index.php?rest_route=%2Fwp%2Fv2%2Fcomments&post=4577"}],"wp:featuredmedia":[{"embeddable":true,"href":"https:\/\/shop.ferreteriasilver.com\/index.php?rest_route=\/wp\/v2\/media\/4445"}],"wp:attachment":[{"href":"https:\/\/shop.ferreteriasilver.com\/index.php?rest_route=%2Fwp%2Fv2%2Fmedia&parent=4577"}],"wp:term":[{"taxonomy":"product_brand","embeddable":true,"href":"https:\/\/shop.ferreteriasilver.com\/index.php?rest_route=%2Fwp%2Fv2%2Fproduct_brand&post=4577"},{"taxonomy":"product_cat","embeddable":true,"href":"https:\/\/shop.ferreteriasilver.com\/index.php?rest_route=%2Fwp%2Fv2%2Fproduct_cat&post=4577"},{"taxonomy":"product_tag","embeddable":true,"href":"https:\/\/shop.ferreteriasilver.com\/index.php?rest_route=%2Fwp%2Fv2%2Fproduct_tag&post=4577"}],"curies":[{"name":"wp","href":"https:\/\/api.w.org\/{rel}","templated":true}]}}